{"id":376,"date":"2026-03-11T23:24:11","date_gmt":"2026-03-11T23:24:11","guid":{"rendered":"https:\/\/protectofuego.com\/?page_id=376"},"modified":"2026-03-12T03:26:25","modified_gmt":"2026-03-12T03:26:25","slug":"sistemas","status":"publish","type":"page","link":"https:\/\/protectofuego.com\/index.php\/sistemas\/","title":{"rendered":"Sistemas"},"content":{"rendered":"<body>\t\t<div data-elementor-type=\"wp-page\" data-elementor-id=\"376\" class=\"elementor elementor-376\">\n\t\t\t\t<div class=\"elementor-element elementor-element-0c1712c e-con-full e-flex e-con e-parent\" data-id=\"0c1712c\" data-element_type=\"container\" data-e-type=\"container\" data-settings='{\"background_background\":\"slideshow\",\"background_slideshow_gallery\":[{\"id\":409,\"url\":\"https:\\\/\\\/protectofuego.com\\\/wp-content\\\/uploads\\\/2026\\\/03\\\/IMG_3626.png\"}],\"background_slideshow_loop\":\"yes\",\"background_slideshow_slide_duration\":5000,\"background_slideshow_slide_transition\":\"fade\",\"background_slideshow_transition_duration\":500}'>\n\t\t\t\t<div class=\"elementor-element elementor-element-c67a810 elementor-widget__width-initial elementor-absolute elementor-invisible elementor-widget elementor-widget-heading\" data-id=\"c67a810\" data-element_type=\"widget\" data-e-type=\"widget\" data-settings='{\"_position\":\"absolute\",\"_animation\":\"fadeInUp\"}' data-widget_type=\"heading.default\">\n\t\t\t\t<div class=\"elementor-widget-container\">\n\t\t\t\t\t<h2 class=\"elementor-heading-title elementor-size-default\">NUESTROS SERVICIOS<\/h2>\t\t\t\t<\/div>\n\t\t\t\t<\/div>\n\t\t\t\t<\/div>\n\t\t<div class=\"elementor-element elementor-element-a7b8338 e-flex e-con-boxed e-con e-parent\" data-id=\"a7b8338\" data-element_type=\"container\" data-e-type=\"container\" data-settings='{\"background_background\":\"classic\"}'>\n\t\t\t\t\t<div class=\"e-con-inner\">\n\t\t\t\t<div class=\"elementor-element elementor-element-d40361b elementor-widget elementor-widget-heading\" data-id=\"d40361b\" data-element_type=\"widget\" data-e-type=\"widget\" data-widget_type=\"heading.default\">\n\t\t\t\t<div class=\"elementor-widget-container\">\n\t\t\t\t\t<h2 class=\"elementor-heading-title elementor-size-default\">PROTECTOFUEGO, SAS ofrece mantenimiento de sistemas contra incendios residenciales, comerciales e industriales, contando con el personal de m\u00e1s alta formaci\u00f3n t\u00e9cnica y de mayor experiencia para ejecutar las tareas de mantenimiento requeridas para:<\/h2>\t\t\t\t<\/div>\n\t\t\t\t<\/div>\n\t\t\t\t\t<\/div>\n\t\t\t\t<\/div>\n\t\t<div class=\"elementor-element elementor-element-3308415 e-flex e-con-boxed e-con e-parent\" data-id=\"3308415\" data-element_type=\"container\" data-e-type=\"container\">\n\t\t\t\t\t<div class=\"e-con-inner\">\n\t\t<div class=\"elementor-element elementor-element-22bde0c e-con-full animated-slow e-flex elementor-invisible e-con e-child\" data-id=\"22bde0c\" data-element_type=\"container\" data-e-type=\"container\" data-settings='{\"animation\":\"fadeInLeft\"}'>\n\t\t\t\t<div class=\"elementor-element elementor-element-28a5980 elementor-widget elementor-widget-heading\" data-id=\"28a5980\" data-element_type=\"widget\" data-e-type=\"widget\" data-widget_type=\"heading.default\">\n\t\t\t\t<div class=\"elementor-widget-container\">\n\t\t\t\t\t<h2 class=\"elementor-heading-title elementor-size-default\">Para edificios residenciales como de oficinas y plantas industriales. Nuestro servicio de mantenimiento comprende lo requerido por la NFPA 20 y los Bomberos de Colombia e incluye mantenimiento preventivo y correctivo de sistemas listados y no listados, pruebas de desempe\u00f1o y levantamiento de curvas de desempe\u00f1o (pitometr\u00edas)<\/h2>\t\t\t\t<\/div>\n\t\t\t\t<\/div>\n\t\t\t\t<div class=\"elementor-element elementor-element-97dc5f1 elementor-invisible elementor-widget elementor-widget-heading\" data-id=\"97dc5f1\" data-element_type=\"widget\" data-e-type=\"widget\" data-settings='{\"_animation\":\"fadeIn\"}' data-widget_type=\"heading.default\">\n\t\t\t\t<div class=\"elementor-widget-container\">\n\t\t\t\t\t<h2 class=\"elementor-heading-title elementor-size-default\">Bombeo<\/h2>\t\t\t\t<\/div>\n\t\t\t\t<\/div>\n\t\t\t\t<\/div>\n\t\t\t\t<div class=\"elementor-element elementor-element-913c566 animated-slow elementor-widget-mobile__width-initial elementor-invisible elementor-widget elementor-widget-image\" data-id=\"913c566\" data-element_type=\"widget\" data-e-type=\"widget\" data-settings='{\"_animation\":\"fadeInRight\"}' data-widget_type=\"image.default\">\n\t\t\t\t<div class=\"elementor-widget-container\">\n\t\t\t\t\t\t\t\t\t\t\t\t\t\t\t<img loading=\"lazy\" decoding=\"async\" width=\"2000\" height=\"1500\" src=\"https:\/\/i0.wp.com\/protectofuego.com\/wp-content\/uploads\/2026\/03\/IMG_3632.png?fit=2000%2C1500&amp;ssl=1\" class=\"attachment-full size-full wp-image-411\" alt=\"\" srcset=\"https:\/\/i0.wp.com\/protectofuego.com\/wp-content\/uploads\/2026\/03\/IMG_3632.png?w=2000&amp;ssl=1 2000w, https:\/\/i0.wp.com\/protectofuego.com\/wp-content\/uploads\/2026\/03\/IMG_3632.png?resize=300%2C225&amp;ssl=1 300w, https:\/\/i0.wp.com\/protectofuego.com\/wp-content\/uploads\/2026\/03\/IMG_3632.png?resize=1024%2C768&amp;ssl=1 1024w, https:\/\/i0.wp.com\/protectofuego.com\/wp-content\/uploads\/2026\/03\/IMG_3632.png?resize=768%2C576&amp;ssl=1 768w, https:\/\/i0.wp.com\/protectofuego.com\/wp-content\/uploads\/2026\/03\/IMG_3632.png?resize=1536%2C1152&amp;ssl=1 1536w, https:\/\/i0.wp.com\/protectofuego.com\/wp-content\/uploads\/2026\/03\/IMG_3632.png?w=1600&amp;ssl=1 1600w\" sizes=\"(max-width: 800px) 100vw, 800px\" loading=\"lazy\">\t\t\t\t\t\t\t\t\t\t\t\t\t\t\t<\/div>\n\t\t\t\t<\/div>\n\t\t\t\t\t<\/div>\n\t\t\t\t<\/div>\n\t\t<div class=\"elementor-element elementor-element-8dc6808 e-flex e-con-boxed e-con e-parent\" data-id=\"8dc6808\" data-element_type=\"container\" data-e-type=\"container\">\n\t\t\t\t\t<div class=\"e-con-inner\">\n\t\t<div class=\"elementor-element elementor-element-0d32971 e-con-full animated-slow e-flex elementor-invisible e-con e-child\" data-id=\"0d32971\" data-element_type=\"container\" data-e-type=\"container\" data-settings='{\"animation\":\"fadeInRight\"}'>\n\t\t\t\t<div class=\"elementor-element elementor-element-7a99fac elementor-invisible elementor-widget elementor-widget-heading\" data-id=\"7a99fac\" data-element_type=\"widget\" data-e-type=\"widget\" data-settings='{\"_animation\":\"fadeIn\"}' data-widget_type=\"heading.default\">\n\t\t\t\t<div class=\"elementor-widget-container\">\n\t\t\t\t\t<h2 class=\"elementor-heading-title elementor-size-default\">Redes de mangueras<\/h2>\t\t\t\t<\/div>\n\t\t\t\t<\/div>\n\t\t\t\t<div class=\"elementor-element elementor-element-f93466f elementor-widget elementor-widget-heading\" data-id=\"f93466f\" data-element_type=\"widget\" data-e-type=\"widget\" data-widget_type=\"heading.default\">\n\t\t\t\t<div class=\"elementor-widget-container\">\n\t\t\t\t\t<h2 class=\"elementor-heading-title elementor-size-default\">Incluye el mantenimiento por la NFPA 14 y 25, como tambi\u00e9n elaboraci\u00f3n de pruebas hidrost\u00e1ticas de las mangueras y las pruebas pitom\u00e9tricas para darle cumplimiento a las presiones de trabajo requeridas por los Bomberos de Colombia.<\/h2>\t\t\t\t<\/div>\n\t\t\t\t<\/div>\n\t\t\t\t<\/div>\n\t\t\t\t<div class=\"elementor-element elementor-element-cd8b674 animated-slow elementor-invisible elementor-widget elementor-widget-image\" data-id=\"cd8b674\" data-element_type=\"widget\" data-e-type=\"widget\" data-settings='{\"_animation\":\"fadeInLeft\"}' data-widget_type=\"image.default\">\n\t\t\t\t<div class=\"elementor-widget-container\">\n\t\t\t\t\t\t\t\t\t\t\t\t\t\t\t<img decoding=\"async\" src=\"https:\/\/i0.wp.com\/protectofuego.com\/wp-content\/uploads\/2026\/03\/image1_1.png?fit=2000%2C1500&amp;ssl=1\" title=\"image1_1\" alt=\"image1_1\" loading=\"lazy\">\t\t\t\t\t\t\t\t\t\t\t\t\t\t\t<\/div>\n\t\t\t\t<\/div>\n\t\t\t\t\t<\/div>\n\t\t\t\t<\/div>\n\t\t<div class=\"elementor-element elementor-element-c183f10 e-flex e-con-boxed e-con e-parent\" data-id=\"c183f10\" data-element_type=\"container\" data-e-type=\"container\">\n\t\t\t\t\t<div class=\"e-con-inner\">\n\t\t<div class=\"elementor-element elementor-element-692a32b e-con-full animated-slow e-flex elementor-invisible e-con e-child\" data-id=\"692a32b\" data-element_type=\"container\" data-e-type=\"container\" data-settings='{\"animation\":\"fadeInLeft\"}'>\n\t\t\t\t<div class=\"elementor-element elementor-element-bfa7a83 elementor-widget elementor-widget-heading\" data-id=\"bfa7a83\" data-element_type=\"widget\" data-e-type=\"widget\" data-widget_type=\"heading.default\">\n\t\t\t\t<div class=\"elementor-widget-container\">\n\t\t\t\t\t<h2 class=\"elementor-heading-title elementor-size-default\">Incluye el mantenimiento por la NFPA 24 y \n25, como tambi\u00e9n elaboraci\u00f3n de \npruebas pitom\u00e9tricas.<\/h2>\t\t\t\t<\/div>\n\t\t\t\t<\/div>\n\t\t\t\t<div class=\"elementor-element elementor-element-c86ac31 elementor-invisible elementor-widget elementor-widget-heading\" data-id=\"c86ac31\" data-element_type=\"widget\" data-e-type=\"widget\" data-settings='{\"_animation\":\"fadeIn\"}' data-widget_type=\"heading.default\">\n\t\t\t\t<div class=\"elementor-widget-container\">\n\t\t\t\t\t<h2 class=\"elementor-heading-title elementor-size-default\">Redes de hidrantes<\/h2>\t\t\t\t<\/div>\n\t\t\t\t<\/div>\n\t\t\t\t<\/div>\n\t\t\t\t<div class=\"elementor-element elementor-element-b8f23f5 animated-slow elementor-invisible elementor-widget elementor-widget-image\" data-id=\"b8f23f5\" data-element_type=\"widget\" data-e-type=\"widget\" data-settings='{\"_animation\":\"fadeInRight\"}' data-widget_type=\"image.default\">\n\t\t\t\t<div class=\"elementor-widget-container\">\n\t\t\t\t\t\t\t\t\t\t\t\t\t\t\t<img decoding=\"async\" src=\"https:\/\/i0.wp.com\/protectofuego.com\/wp-content\/uploads\/2026\/03\/image_1.png?fit=2000%2C1500&amp;ssl=1\" title=\"image_1\" alt=\"image_1\" loading=\"lazy\">\t\t\t\t\t\t\t\t\t\t\t\t\t\t\t<\/div>\n\t\t\t\t<\/div>\n\t\t\t\t\t<\/div>\n\t\t\t\t<\/div>\n\t\t<div class=\"elementor-element elementor-element-df30e7b e-flex e-con-boxed e-con e-parent\" data-id=\"df30e7b\" data-element_type=\"container\" data-e-type=\"container\">\n\t\t\t\t\t<div class=\"e-con-inner\">\n\t\t<div class=\"elementor-element elementor-element-aff315c e-con-full animated-slow e-flex elementor-invisible e-con e-child\" data-id=\"aff315c\" data-element_type=\"container\" data-e-type=\"container\" data-settings='{\"animation\":\"fadeInRight\"}'>\n\t\t\t\t<div class=\"elementor-element elementor-element-3a726ee elementor-widget elementor-widget-heading\" data-id=\"3a726ee\" data-element_type=\"widget\" data-e-type=\"widget\" data-widget_type=\"heading.default\">\n\t\t\t\t<div class=\"elementor-widget-container\">\n\t\t\t\t\t<h2 class=\"elementor-heading-title elementor-size-default\">Incluye el mantenimiento por la NFPA 13 y 25, como tambi\u00e9n las pruebas de activaci\u00f3n, pruebas del inspector y dem\u00e1s requeridas por las aseguradoras y por los Bomberos de Colombia.\u200b<\/h2>\t\t\t\t<\/div>\n\t\t\t\t<\/div>\n\t\t\t\t<div class=\"elementor-element elementor-element-52589b6 elementor-invisible elementor-widget elementor-widget-heading\" data-id=\"52589b6\" data-element_type=\"widget\" data-e-type=\"widget\" data-settings='{\"_animation\":\"fadeIn\"}' data-widget_type=\"heading.default\">\n\t\t\t\t<div class=\"elementor-widget-container\">\n\t\t\t\t\t<h2 class=\"elementor-heading-title elementor-size-default\">Rociadores autom\u00e1ticos<\/h2>\t\t\t\t<\/div>\n\t\t\t\t<\/div>\n\t\t\t\t<\/div>\n\t\t\t\t<div class=\"elementor-element elementor-element-4ca1596 animated-slow elementor-invisible elementor-widget elementor-widget-image\" data-id=\"4ca1596\" data-element_type=\"widget\" data-e-type=\"widget\" data-settings='{\"_animation\":\"fadeInLeft\"}' data-widget_type=\"image.default\">\n\t\t\t\t<div class=\"elementor-widget-container\">\n\t\t\t\t\t\t\t\t\t\t\t\t\t\t\t<img decoding=\"async\" src=\"https:\/\/i0.wp.com\/protectofuego.com\/wp-content\/uploads\/2026\/03\/reciador.png?fit=2000%2C1500&amp;ssl=1\" title=\"reciador\" alt=\"reciador\" loading=\"lazy\">\t\t\t\t\t\t\t\t\t\t\t\t\t\t\t<\/div>\n\t\t\t\t<\/div>\n\t\t\t\t\t<\/div>\n\t\t\t\t<\/div>\n\t\t<div class=\"elementor-element elementor-element-9f0c252 e-flex e-con-boxed e-con e-parent\" data-id=\"9f0c252\" data-element_type=\"container\" data-e-type=\"container\">\n\t\t\t\t\t<div class=\"e-con-inner\">\n\t\t<div class=\"elementor-element elementor-element-7626e87 e-con-full animated-slow e-flex elementor-invisible e-con e-child\" data-id=\"7626e87\" data-element_type=\"container\" data-e-type=\"container\" data-settings='{\"animation\":\"fadeInLeft\"}'>\n\t\t\t\t<div class=\"elementor-element elementor-element-4ec5592 elementor-widget elementor-widget-heading\" data-id=\"4ec5592\" data-element_type=\"widget\" data-e-type=\"widget\" data-widget_type=\"heading.default\">\n\t\t\t\t<div class=\"elementor-widget-container\">\n\t\t\t\t\t<h2 class=\"elementor-heading-title elementor-size-default\">Incluye el mantenimiento por la NFPA 15 y 25 y las pruebas exigidas por ambas normas.<\/h2>\t\t\t\t<\/div>\n\t\t\t\t<\/div>\n\t\t\t\t<div class=\"elementor-element elementor-element-965a218 elementor-invisible elementor-widget elementor-widget-heading\" data-id=\"965a218\" data-element_type=\"widget\" data-e-type=\"widget\" data-settings='{\"_animation\":\"fadeIn\"}' data-widget_type=\"heading.default\">\n\t\t\t\t<div class=\"elementor-widget-container\">\n\t\t\t\t\t<h2 class=\"elementor-heading-title elementor-size-default\">Diluvio y agua pulverizada<\/h2>\t\t\t\t<\/div>\n\t\t\t\t<\/div>\n\t\t\t\t<\/div>\n\t\t\t\t<div class=\"elementor-element elementor-element-2369d62 animated-slow elementor-invisible elementor-widget elementor-widget-image\" data-id=\"2369d62\" data-element_type=\"widget\" data-e-type=\"widget\" data-settings='{\"_animation\":\"fadeInRight\"}' data-widget_type=\"image.default\">\n\t\t\t\t<div class=\"elementor-widget-container\">\n\t\t\t\t\t\t\t\t\t\t\t\t\t\t\t<img decoding=\"async\" src=\"https:\/\/i0.wp.com\/protectofuego.com\/wp-content\/uploads\/2026\/03\/image_1-1.png?fit=1201%2C1600&amp;ssl=1\" title=\"image_1\" alt=\"image_1\" loading=\"lazy\">\t\t\t\t\t\t\t\t\t\t\t\t\t\t\t<\/div>\n\t\t\t\t<\/div>\n\t\t\t\t\t<\/div>\n\t\t\t\t<\/div>\n\t\t<div class=\"elementor-element elementor-element-e8e69da e-flex e-con-boxed e-con e-parent\" data-id=\"e8e69da\" data-element_type=\"container\" data-e-type=\"container\">\n\t\t\t\t\t<div class=\"e-con-inner\">\n\t\t<div class=\"elementor-element elementor-element-6f26aae e-con-full animated-slow e-flex elementor-invisible e-con e-child\" data-id=\"6f26aae\" data-element_type=\"container\" data-e-type=\"container\" data-settings='{\"animation\":\"fadeInRight\"}'>\n\t\t\t\t<div class=\"elementor-element elementor-element-44fbf68 elementor-widget elementor-widget-heading\" data-id=\"44fbf68\" data-element_type=\"widget\" data-e-type=\"widget\" data-widget_type=\"heading.default\">\n\t\t\t\t<div class=\"elementor-widget-container\">\n\t\t\t\t\t<h2 class=\"elementor-heading-title elementor-size-default\">Incluye el mantenimiento por la NFPA 11 y 25 y las pruebas exigidas por ambas normas, que incluyen pruebas de proporcionamiento, pruebas fisicoqu\u00edmicas a los concentrados, entre otras.<\/h2>\t\t\t\t<\/div>\n\t\t\t\t<\/div>\n\t\t\t\t<div class=\"elementor-element elementor-element-781235a elementor-invisible elementor-widget elementor-widget-heading\" data-id=\"781235a\" data-element_type=\"widget\" data-e-type=\"widget\" data-settings='{\"_animation\":\"fadeIn\"}' data-widget_type=\"heading.default\">\n\t\t\t\t<div class=\"elementor-widget-container\">\n\t\t\t\t\t<h2 class=\"elementor-heading-title elementor-size-default\">Espuma<\/h2>\t\t\t\t<\/div>\n\t\t\t\t<\/div>\n\t\t\t\t<\/div>\n\t\t\t\t<div class=\"elementor-element elementor-element-6f04f9a animated-slow elementor-invisible elementor-widget elementor-widget-image\" data-id=\"6f04f9a\" data-element_type=\"widget\" data-e-type=\"widget\" data-settings='{\"_animation\":\"fadeInLeft\"}' data-widget_type=\"image.default\">\n\t\t\t\t<div class=\"elementor-widget-container\">\n\t\t\t\t\t\t\t\t\t\t\t\t\t\t\t<img decoding=\"async\" src=\"https:\/\/i0.wp.com\/protectofuego.com\/wp-content\/uploads\/2026\/03\/image_2-1.png?fit=2000%2C1500&amp;ssl=1\" title=\"image_2\" alt=\"image_2\" loading=\"lazy\">\t\t\t\t\t\t\t\t\t\t\t\t\t\t\t<\/div>\n\t\t\t\t<\/div>\n\t\t\t\t\t<\/div>\n\t\t\t\t<\/div>\n\t\t<div class=\"elementor-element elementor-element-1fc1f63 e-flex e-con-boxed e-con e-parent\" data-id=\"1fc1f63\" data-element_type=\"container\" data-e-type=\"container\">\n\t\t\t\t\t<div class=\"e-con-inner\">\n\t\t<div class=\"elementor-element elementor-element-6651698 e-con-full animated-slow e-flex elementor-invisible e-con e-child\" data-id=\"6651698\" data-element_type=\"container\" data-e-type=\"container\" data-settings='{\"animation\":\"fadeInLeft\"}'>\n\t\t\t\t<div class=\"elementor-element elementor-element-83c7c08 elementor-widget elementor-widget-heading\" data-id=\"83c7c08\" data-element_type=\"widget\" data-e-type=\"widget\" data-widget_type=\"heading.default\">\n\t\t\t\t<div class=\"elementor-widget-container\">\n\t\t\t\t\t<h2 class=\"elementor-heading-title elementor-size-default\">Incluye el mantenimiento por la NFPA 72 y las pruebas exigidas por dicha norma.<\/h2>\t\t\t\t<\/div>\n\t\t\t\t<\/div>\n\t\t\t\t<div class=\"elementor-element elementor-element-61a8c58 elementor-invisible elementor-widget elementor-widget-heading\" data-id=\"61a8c58\" data-element_type=\"widget\" data-e-type=\"widget\" data-settings='{\"_animation\":\"fadeIn\"}' data-widget_type=\"heading.default\">\n\t\t\t\t<div class=\"elementor-widget-container\">\n\t\t\t\t\t<h2 class=\"elementor-heading-title elementor-size-default\">Detecci\u00f3n de incendios<\/h2>\t\t\t\t<\/div>\n\t\t\t\t<\/div>\n\t\t\t\t<\/div>\n\t\t\t\t<div class=\"elementor-element elementor-element-d7b7c60 animated-slow elementor-invisible elementor-widget elementor-widget-image\" data-id=\"d7b7c60\" data-element_type=\"widget\" data-e-type=\"widget\" data-settings='{\"_animation\":\"fadeInRight\"}' data-widget_type=\"image.default\">\n\t\t\t\t<div class=\"elementor-widget-container\">\n\t\t\t\t\t\t\t\t\t\t\t\t\t\t\t<img decoding=\"async\" src=\"https:\/\/i0.wp.com\/protectofuego.com\/wp-content\/uploads\/2026\/03\/image_3.png?fit=2000%2C1500&amp;ssl=1\" title=\"image_3\" alt=\"image_3\" loading=\"lazy\">\t\t\t\t\t\t\t\t\t\t\t\t\t\t\t<\/div>\n\t\t\t\t<\/div>\n\t\t\t\t\t<\/div>\n\t\t\t\t<\/div>\n\t\t<div class=\"elementor-element elementor-element-72ed358 e-flex e-con-boxed e-con e-parent\" data-id=\"72ed358\" data-element_type=\"container\" data-e-type=\"container\">\n\t\t\t\t\t<div class=\"e-con-inner\">\n\t\t<div class=\"elementor-element elementor-element-2597529 e-con-full animated-slow e-flex elementor-invisible e-con e-child\" data-id=\"2597529\" data-element_type=\"container\" data-e-type=\"container\" data-settings='{\"animation\":\"fadeInRight\"}'>\n\t\t\t\t<div class=\"elementor-element elementor-element-7b510dd elementor-widget elementor-widget-heading\" data-id=\"7b510dd\" data-element_type=\"widget\" data-e-type=\"widget\" data-widget_type=\"heading.default\">\n\t\t\t\t<div class=\"elementor-widget-container\">\n\t\t\t\t\t<h2 class=\"elementor-heading-title elementor-size-default\">Incluye el mantenimiento de sistemas de FM-200, Inergen, Argonite, Saphire, Novec 1230, Ecaro 25 y similares por la NFPA 2001 y los manuales de los fabricantes. Tambi\u00e9n ofrecemos el servicio de recarga de cilindros con los diferentes agentes.<\/h2>\t\t\t\t<\/div>\n\t\t\t\t<\/div>\n\t\t\t\t<div class=\"elementor-element elementor-element-45f2081 elementor-invisible elementor-widget elementor-widget-heading\" data-id=\"45f2081\" data-element_type=\"widget\" data-e-type=\"widget\" data-settings='{\"_animation\":\"fadeIn\"}' data-widget_type=\"heading.default\">\n\t\t\t\t<div class=\"elementor-widget-container\">\n\t\t\t\t\t<h2 class=\"elementor-heading-title elementor-size-default\">Agentes limpios<\/h2>\t\t\t\t<\/div>\n\t\t\t\t<\/div>\n\t\t\t\t<\/div>\n\t\t\t\t<div class=\"elementor-element elementor-element-b24ec8d animated-slow elementor-invisible elementor-widget elementor-widget-image\" data-id=\"b24ec8d\" data-element_type=\"widget\" data-e-type=\"widget\" data-settings='{\"_animation\":\"fadeInLeft\"}' data-widget_type=\"image.default\">\n\t\t\t\t<div class=\"elementor-widget-container\">\n\t\t\t\t\t\t\t\t\t\t\t\t\t\t\t<img decoding=\"async\" src=\"https:\/\/i0.wp.com\/protectofuego.com\/wp-content\/uploads\/2026\/03\/imagen_4.png?fit=2000%2C1500&amp;ssl=1\" title=\"imagen_4\" alt=\"imagen_4\" loading=\"lazy\">\t\t\t\t\t\t\t\t\t\t\t\t\t\t\t<\/div>\n\t\t\t\t<\/div>\n\t\t\t\t\t<\/div>\n\t\t\t\t<\/div>\n\t\t<div class=\"elementor-element elementor-element-68bce9c e-flex e-con-boxed e-con e-parent\" data-id=\"68bce9c\" data-element_type=\"container\" data-e-type=\"container\" data-settings='{\"background_background\":\"classic\"}'>\n\t\t\t\t\t<div class=\"e-con-inner\">\n\t\t\t\t<div class=\"elementor-element elementor-element-ad1fc20 elementor-widget elementor-widget-heading\" data-id=\"ad1fc20\" data-element_type=\"widget\" data-e-type=\"widget\" data-widget_type=\"heading.default\">\n\t\t\t\t<div class=\"elementor-widget-container\">\n\t\t\t\t\t<h2 class=\"elementor-heading-title elementor-size-default\">Todos nuestros servicios de mantenimiento y pruebas generan informes y formatos debidamente diligenciados para la presentaci\u00f3n a las autoridades competentes y realizar la debida trazabilidad del plan IPM. <\/h2>\t\t\t\t<\/div>\n\t\t\t\t<\/div>\n\t\t\t\t\t<\/div>\n\t\t\t\t<\/div>\n\t\t\t\t<\/div>\n\t\t<\/body>","protected":false},"excerpt":{"rendered":"<p>NUESTROS SERVICIOS PROTECTOFUEGO, SAS ofrece mantenimiento de sistemas contra incendios residenciales, comerciales e industriales, contando con el personal de m\u00e1s alta formaci\u00f3n t\u00e9cnica y de mayor experiencia para ejecutar las tareas de mantenimiento requeridas para: Para edificios residenciales como de oficinas y plantas industriales. Nuestro servicio de mantenimiento comprende lo requerido por la NFPA 20 [&hellip;]<\/p>\n","protected":false},"author":1,"featured_media":0,"parent":0,"menu_order":0,"comment_status":"closed","ping_status":"closed","template":"","meta":{"om_disable_all_campaigns":false,"_monsterinsights_skip_tracking":false,"_monsterinsights_sitenote_active":false,"_monsterinsights_sitenote_note":"","_monsterinsights_sitenote_category":0,"footnotes":""},"class_list":["post-376","page","type-page","status-publish","hentry"],"jetpack_sharing_enabled":true,"_links":{"self":[{"href":"https:\/\/protectofuego.com\/index.php\/wp-json\/wp\/v2\/pages\/376"}],"collection":[{"href":"https:\/\/protectofuego.com\/index.php\/wp-json\/wp\/v2\/pages"}],"about":[{"href":"https:\/\/protectofuego.com\/index.php\/wp-json\/wp\/v2\/types\/page"}],"author":[{"embeddable":true,"href":"https:\/\/protectofuego.com\/index.php\/wp-json\/wp\/v2\/users\/1"}],"replies":[{"embeddable":true,"href":"https:\/\/protectofuego.com\/index.php\/wp-json\/wp\/v2\/comments?post=376"}],"version-history":[{"count":5,"href":"https:\/\/protectofuego.com\/index.php\/wp-json\/wp\/v2\/pages\/376\/revisions"}],"predecessor-version":[{"id":549,"href":"https:\/\/protectofuego.com\/index.php\/wp-json\/wp\/v2\/pages\/376\/revisions\/549"}],"wp:attachment":[{"href":"https:\/\/protectofuego.com\/index.php\/wp-json\/wp\/v2\/media?parent=376"}],"curies":[{"name":"wp","href":"https:\/\/api.w.org\/{rel}","templated":true}]}}